{"id":2,"date":"2021-08-31T12:12:26","date_gmt":"2021-08-31T12:12:26","guid":{"rendered":"http:\/\/asp.stnet.pl\/?page_id=2"},"modified":"2021-08-31T12:52:08","modified_gmt":"2021-08-31T12:52:08","slug":"sample-page","status":"publish","type":"page","link":"https:\/\/asp.stnet.pl\/","title":{"rendered":"504244333"},"content":{"rendered":"\n<h1 class=\"has-small-font-size\">Zapraszam do korzystania z Moich us\u0142ug :<\/h1>\n\n\n\n<ul class=\"has-text-color\" style=\"color:#ff0000\"><li><strong><a href=\"https:\/\/get.teamviewer.com\/hostaspsys\" target=\"_blank\" rel=\"noreferrer noopener\">Sta\u0142a obs\u0142uga informatyczna dla firm i instytucji<\/a><\/strong><\/li><li><strong>Naprawa<\/strong><\/li><li><strong>Modernizacja<\/strong><\/li><li><strong>Obs\u0142uga w miejscu instalacji<\/strong><\/li><li><strong>Interwencje awaryjne<\/strong><\/li><li><strong><a href=\"https:\/\/get.teamviewer.com\/aspsystemy\" target=\"_blank\" rel=\"noreferrer noopener\">Pomoc zd<strong>alna<\/strong><\/a><\/strong><\/li><\/ul>\n\n\n\n<h1 class=\"has-black-color has-text-color has-normal-font-size\"><\/h1>\n\n\n\n<ul class=\"has-black-color has-text-color\"><li><strong>pn.-pt. 10.30 -16.30*<\/strong><\/li><li><strong>15-028 Bia\u0142ystok ul. S\u0142onimska 4<\/strong><\/li><li><strong>tel. 504244333<\/strong><\/li><li><strong>serwis@aspsystemy.pl<\/strong><\/li><\/ul>\n\n\n\n<p class=\"has-text-color\" style=\"color:#ff0000\"><strong>*Ze wzgl\u0119du na specyfik\u0119 dzia\u0142alno\u015bci prosz\u0119 o telefonicznie umawianie na wizyt\u0119 \u2013 cz\u0119ste prace poza warsztatem.<\/strong><\/p>\n","protected":false},"excerpt":{"rendered":"<p>Zapraszam do korzystania z Moich us\u0142ug : Sta\u0142a obs\u0142uga informatyczna dla firm i instytucji Naprawa Modernizacja Obs\u0142uga w miejscu instalacji Interwencje awaryjne Pomoc zdalna pn.-pt. 10.30 -16.30* 15-028 Bia\u0142ystok ul. S\u0142onimska 4 tel. 504244333 serwis@aspsystemy.pl *Ze wzgl\u0119du na specyfik\u0119 dzia\u0142alno\u015bci prosz\u0119 o telefonicznie umawianie na wizyt\u0119 \u2013 cz\u0119ste prace poza warsztatem.<\/p>\n","protected":false},"author":1,"featured_media":0,"parent":0,"menu_order":0,"comment_status":"closed","ping_status":"open","template":"","meta":[],"_links":{"self":[{"href":"https:\/\/asp.stnet.pl\/index.php\/wp-json\/wp\/v2\/pages\/2"}],"collection":[{"href":"https:\/\/asp.stnet.pl\/index.php\/wp-json\/wp\/v2\/pages"}],"about":[{"href":"https:\/\/asp.stnet.pl\/index.php\/wp-json\/wp\/v2\/types\/page"}],"author":[{"embeddable":true,"href":"https:\/\/asp.stnet.pl\/index.php\/wp-json\/wp\/v2\/users\/1"}],"replies":[{"embeddable":true,"href":"https:\/\/asp.stnet.pl\/index.php\/wp-json\/wp\/v2\/comments?post=2"}],"version-history":[{"count":10,"href":"https:\/\/asp.stnet.pl\/index.php\/wp-json\/wp\/v2\/pages\/2\/revisions"}],"predecessor-version":[{"id":40,"href":"https:\/\/asp.stnet.pl\/index.php\/wp-json\/wp\/v2\/pages\/2\/revisions\/40"}],"wp:attachment":[{"href":"https:\/\/asp.stnet.pl\/index.php\/wp-json\/wp\/v2\/media?parent=2"}],"curies":[{"name":"wp","href":"https:\/\/api.w.org\/{rel}","templated":true}]}}